{"id":2545,"date":"2023-10-20T14:10:14","date_gmt":"2023-10-20T12:10:14","guid":{"rendered":"https:\/\/edinsbegravningsbyra.se\/?page_id=2545"},"modified":"2023-10-20T14:22:25","modified_gmt":"2023-10-20T12:22:25","slug":"lankar","status":"publish","type":"page","link":"https:\/\/edinsbegravningsbyra.se\/index.php\/lankar\/","title":{"rendered":"L\u00e4nkar"},"content":{"rendered":"\t\t<div data-elementor-type=\"wp-page\" data-elementor-id=\"2545\" class=\"elementor elementor-2545\" data-elementor-post-type=\"page\">\n\t\t\t\t\t\t<section class=\"elementor-section elementor-top-section elementor-element elementor-element-ef7a68f elementor-section-boxed elementor-section-height-default elementor-section-height-default\" data-id=\"ef7a68f\" data-element_type=\"section\">\n\t\t\t\t\t\t<div class=\"elementor-container elementor-column-gap-default\">\n\t\t\t\t\t<div class=\"elementor-column elementor-col-100 elementor-top-column elementor-element elementor-element-e59d0ba\" data-id=\"e59d0ba\" data-element_type=\"column\">\n\t\t\t<div class=\"elementor-widget-wrap elementor-element-populated\">\n\t\t\t\t\t\t<div class=\"elementor-element elementor-element-d0626bb elementor-widget elementor-widget-text-editor\" data-id=\"d0626bb\" data-element_type=\"widget\" data-widget_type=\"text-editor.default\">\n\t\t\t\t<div class=\"elementor-widget-container\">\n\t\t\t\t\t\t\t\t\t<p><span style=\"color: #000000;\"><a href=\"https:\/\/djurfrid.se\/\" target=\"_blank\" rel=\"noopener\"><img decoding=\"async\" class=\"alignnone wp-image-2547\" src=\"http:\/\/edinsbegravningsbyra.se\/wp-content\/uploads\/2023\/10\/Djurfrid-logotype-300x258.webp\" alt=\"\" width=\"187\" height=\"161\" title=\"\" srcset=\"https:\/\/edinsbegravningsbyra.se\/wp-content\/uploads\/2023\/10\/Djurfrid-logotype-300x258.webp 300w, https:\/\/edinsbegravningsbyra.se\/wp-content\/uploads\/2023\/10\/Djurfrid-logotype-1024x879.webp 1024w, https:\/\/edinsbegravningsbyra.se\/wp-content\/uploads\/2023\/10\/Djurfrid-logotype-768x660.webp 768w, https:\/\/edinsbegravningsbyra.se\/wp-content\/uploads\/2023\/10\/Djurfrid-logotype.webp 1169w\" sizes=\"(max-width: 187px) 100vw, 187px\" \/><\/a>&#8211;&nbsp;<\/span><span style=\"color: #000000; background-color: transparent; font-family: var( --e-global-typography-text-font-family ), Sans-serif; font-weight: var( --e-global-typography-text-font-weight );\">en samlingsplats f\u00f6r dig som har f\u00f6rlorat eller \u00e4r p\u00e5 v\u00e4g att f\u00f6rlora ditt \u00e4lskade husdjur.<\/span><\/p>\t\t\t\t\t\t\t\t<\/div>\n\t\t\t\t<\/div>\n\t\t\t\t\t<\/div>\n\t\t<\/div>\n\t\t\t\t\t<\/div>\n\t\t<\/section>\n\t\t\t\t<\/div>\n\t\t","protected":false},"excerpt":{"rendered":"<p>&#8211;&nbsp;en samlingsplats f\u00f6r dig som har f\u00f6rlorat eller \u00e4r p\u00e5 v\u00e4g att f\u00f6rlora ditt \u00e4lskade husdjur.<\/p>\n","protected":false},"author":2,"featured_media":0,"parent":0,"menu_order":0,"comment_status":"closed","ping_status":"closed","template":"","meta":{"footnotes":""},"class_list":["post-2545","page","type-page","status-publish","hentry"],"_links":{"self":[{"href":"https:\/\/edinsbegravningsbyra.se\/index.php\/wp-json\/wp\/v2\/pages\/2545","targetHints":{"allow":["GET"]}}],"collection":[{"href":"https:\/\/edinsbegravningsbyra.se\/index.php\/wp-json\/wp\/v2\/pages"}],"about":[{"href":"https:\/\/edinsbegravningsbyra.se\/index.php\/wp-json\/wp\/v2\/types\/page"}],"author":[{"embeddable":true,"href":"https:\/\/edinsbegravningsbyra.se\/index.php\/wp-json\/wp\/v2\/users\/2"}],"replies":[{"embeddable":true,"href":"https:\/\/edinsbegravningsbyra.se\/index.php\/wp-json\/wp\/v2\/comments?post=2545"}],"version-history":[{"count":16,"href":"https:\/\/edinsbegravningsbyra.se\/index.php\/wp-json\/wp\/v2\/pages\/2545\/revisions"}],"predecessor-version":[{"id":2563,"href":"https:\/\/edinsbegravningsbyra.se\/index.php\/wp-json\/wp\/v2\/pages\/2545\/revisions\/2563"}],"wp:attachment":[{"href":"https:\/\/edinsbegravningsbyra.se\/index.php\/wp-json\/wp\/v2\/media?parent=2545"}],"curies":[{"name":"wp","href":"https:\/\/api.w.org\/{rel}","templated":true}]}}