{"id":307,"date":"2021-02-24T17:58:12","date_gmt":"2021-02-24T16:58:12","guid":{"rendered":"http:\/\/edinsbegravningsbyra.se\/?page_id=307"},"modified":"2024-01-17T19:17:05","modified_gmt":"2024-01-17T18:17:05","slug":"gdpr","status":"publish","type":"page","link":"https:\/\/edinsbegravningsbyra.se\/index.php\/gdpr\/","title":{"rendered":"GDPR"},"content":{"rendered":"\t\t<div data-elementor-type=\"wp-page\" data-elementor-id=\"307\" class=\"elementor elementor-307\" data-elementor-post-type=\"page\">\n\t\t\t\t\t\t<section class=\"elementor-section elementor-top-section elementor-element elementor-element-e962c1e elementor-section-boxed elementor-section-height-default elementor-section-height-default\" data-id=\"e962c1e\" data-element_type=\"section\">\n\t\t\t\t\t\t<div class=\"elementor-container elementor-column-gap-default\">\n\t\t\t\t\t<div class=\"elementor-column elementor-col-100 elementor-top-column elementor-element elementor-element-ac33c65\" data-id=\"ac33c65\" data-element_type=\"column\">\n\t\t\t<div class=\"elementor-widget-wrap elementor-element-populated\">\n\t\t\t\t\t\t<div class=\"elementor-element elementor-element-166e640 elementor-widget elementor-widget-spacer\" data-id=\"166e640\" data-element_type=\"widget\" data-widget_type=\"spacer.default\">\n\t\t\t\t<div class=\"elementor-widget-container\">\n\t\t\t\t\t\t\t<div class=\"elementor-spacer\">\n\t\t\t<div class=\"elementor-spacer-inner\"><\/div>\n\t\t<\/div>\n\t\t\t\t\t\t<\/div>\n\t\t\t\t<\/div>\n\t\t\t\t\t<\/div>\n\t\t<\/div>\n\t\t\t\t\t<\/div>\n\t\t<\/section>\n\t\t\t\t<section class=\"elementor-section elementor-top-section elementor-element elementor-element-872b3a3 elementor-section-boxed elementor-section-height-default elementor-section-height-default\" data-id=\"872b3a3\" data-element_type=\"section\">\n\t\t\t\t\t\t<div class=\"elementor-container elementor-column-gap-default\">\n\t\t\t\t\t<div class=\"elementor-column elementor-col-33 elementor-top-column elementor-element elementor-element-1390a45\" data-id=\"1390a45\" data-element_type=\"column\">\n\t\t\t<div class=\"elementor-widget-wrap elementor-element-populated\">\n\t\t\t\t\t\t<div class=\"elementor-element elementor-element-9292d9b elementor-widget elementor-widget-image\" data-id=\"9292d9b\" data-element_type=\"widget\" data-widget_type=\"image.default\">\n\t\t\t\t<div class=\"elementor-widget-container\">\n\t\t\t\t\t\t\t\t\t\t\t\t\t\t\t<img fetchpriority=\"high\" decoding=\"async\" width=\"352\" height=\"337\" src=\"https:\/\/edinsbegravningsbyra.se\/wp-content\/uploads\/2021\/03\/gdpr.jpg\" class=\"attachment-large size-large wp-image-719\" alt=\"GDPR\" srcset=\"https:\/\/edinsbegravningsbyra.se\/wp-content\/uploads\/2021\/03\/gdpr.jpg 352w, https:\/\/edinsbegravningsbyra.se\/wp-content\/uploads\/2021\/03\/gdpr-300x287.jpg 300w\" sizes=\"(max-width: 352px) 100vw, 352px\" title=\"\">\t\t\t\t\t\t\t\t\t\t\t\t\t\t\t<\/div>\n\t\t\t\t<\/div>\n\t\t\t\t\t<\/div>\n\t\t<\/div>\n\t\t\t\t<div class=\"elementor-column elementor-col-66 elementor-top-column elementor-element elementor-element-6c36d91\" data-id=\"6c36d91\" data-element_type=\"column\">\n\t\t\t<div class=\"elementor-widget-wrap elementor-element-populated\">\n\t\t\t\t\t\t<div class=\"elementor-element elementor-element-9c7a34b elementor-widget elementor-widget-text-editor\" data-id=\"9c7a34b\" data-element_type=\"widget\" data-widget_type=\"text-editor.default\">\n\t\t\t\t<div class=\"elementor-widget-container\">\n\t\t\t\t\t\t\t\t\t<p style=\"text-align: left;\"><span style=\"color: #000000;\"><b>GDPR f\u00f6r Edins Begravningsbyr\u00e5<\/b><\/span><\/p><p style=\"text-align: left;\"><span style=\"color: #000000;\">F\u00f6r Edins Begravningsbyr\u00e5 \u00e4r din personliga integritet viktig och d\u00e4rf\u00f6r vill vi att du ska k\u00e4nna dig trygg i hur vi anv\u00e4nder oss av personuppgifter. Nedan redog\u00f6r vi d\u00e4rf\u00f6r f\u00f6r hur vi samlar in och anv\u00e4nder dessa.<\/span><\/p><p style=\"text-align: left;\"><span style=\"color: #000000;\"><b><br \/>Vad \u00e4r en personuppgift?<\/b><\/span><\/p><p style=\"text-align: left;\"><span style=\"color: #000000;\">En personuppgift inneb\u00e4r en uppgift om en fysisk person som direkt eller indirekt kan kopplas samman med den personen. F\u00f6rutom namn och personnummer r\u00e4knas exempelvis bilder och e-postadresser som personuppgifter. En avliden person omfattas inte av GDPR.<\/span><\/p><p style=\"text-align: left;\"><span style=\"color: #000000;\"><b>\u00a0<\/b><\/span><\/p><p style=\"text-align: left;\"><span style=\"color: #000000;\"><b>Vad inneb\u00e4r en behandling av personuppgifter?<\/b><\/span><\/p><p style=\"text-align: left;\"><span style=\"color: #000000;\">Behandling av personuppgifter \u00e4r det handhavande som sker med personuppgifterna, oavsett om det handlar om tryckt material eller digital lagring p\u00e5 datorer eller mobila enheter.<\/span><\/p><p style=\"text-align: left;\"><span style=\"color: #000000;\"><b>\u00a0<\/b><\/span><\/p><p style=\"text-align: left;\"><span style=\"color: #000000;\"><b>Vilka personuppgifter samlar vi in om dig och varf\u00f6r?<\/b><\/span><\/p><p style=\"text-align: left;\"><span style=\"color: #000000;\">I huvudsak behandlar vi namn, personnummer, adress, telefonnummer och e-postadress. Detta g\u00f6rs f\u00f6r att vi ska kunna fullg\u00f6ra v\u00e5ra skyldigheter gentemot dig. I vissa fall kan \u00e4ven bildmaterial behandlas, d\u00e5 t.ex. med syfte att sammanst\u00e4lla ett minnesalbum efter begravningen.<\/span><\/p><p style=\"text-align: left;\"><span style=\"color: #000000;\">\u00a0<\/span><\/p><p style=\"text-align: left;\"><span style=\"color: #000000;\"><b>Personuppgiftsbitr\u00e4den och sj\u00e4lvst\u00e4ndiga akt\u00f6rer<\/b><\/span><\/p><p style=\"text-align: left;\"><span style=\"color: #000000;\">N\u00e4r vi anlitar personuppgiftsbitr\u00e4den sker det i syfte att kunna fullg\u00f6ra v\u00e5ra skyldigheter i enlighet med begravningsuppdraget. Det kan exempelvis vara uppgifter till florist f\u00f6r best\u00e4llning av blommor eller uppgifter till stenhuggeri f\u00f6r best\u00e4llning av gravsten.<\/span><\/p><p style=\"text-align: left;\"><span style=\"color: #000000;\">Vi kan komma beh\u00f6va att dela dina personuppgifter med andra akt\u00f6rer som \u00e4r sj\u00e4lvst\u00e4ndigt personuppgiftsansvariga, exempelvis Skatteverket. <\/span><span style=\"color: #000000;\">N\u00e4r vi delar dina personuppgifter med en akt\u00f6r som sj\u00e4lvst\u00e4ndigt \u00e4r personuppgiftsansvarig g\u00e4ller dens integritetspolicy och hantering av personuppgifter.<\/span><\/p><p style=\"text-align: left;\"><span style=\"color: #000000;\">Vi delar \u00e4ven dina personuppgifter i de fall vi \u00e4r skyldiga att l\u00e4mna ut s\u00e5dana med st\u00f6d av lag eller beslut av myndighet.<\/span><\/p><p style=\"text-align: left;\"><span style=\"color: #000000;\"><b>\u00a0<\/b><\/span><\/p><p style=\"text-align: left;\"><span style=\"color: #000000;\"><b>Hur l\u00e4nge sparar vi dina personuppgifter?<\/b><\/span><\/p><p style=\"text-align: left;\"><span style=\"color: #000000;\">Vi sparar inte personuppgifterna l\u00e4ngre \u00e4n vad som \u00e4r n\u00f6dv\u00e4ndigt f\u00f6r respektive \u00e4ndam\u00e5l.<\/span><\/p><p style=\"text-align: left;\"><span style=\"color: #000000;\">Uppgifter som skickats till kyrkog\u00e5rdsf\u00f6rvaltning f\u00f6r administration av aktuell begravning, till cateringfirma f\u00f6r k\u00e4nnedom om anm\u00e4lningar till minnesstund, mm. raderas s\u00e5 snart begravningsuppdraget \u00e4r slutf\u00f6rt. Senast sker detta 6 m\u00e5nader efter att d\u00f6dsfallet \u00e4gt rum.<\/span><\/p><p style=\"text-align: left;\"><span style=\"color: #000000;\">Undantag \u00e4r l\u00e4mnade omd\u00f6men om Edins Begravningsbyr\u00e5, som l\u00e4ggs ut p\u00e5 hemsidan. Dessa kan komma att finnas kvar under en l\u00e4ngre tid, men du som gett omd\u00f6met har r\u00e4tt att n\u00e4r som helst beg\u00e4ra att det ska tas bort.<\/span><\/p><p style=\"text-align: left;\"><span style=\"color: #000000;\"><b>\u00a0<\/b><\/span><\/p><p style=\"text-align: left;\"><span style=\"color: #000000;\"><b>Blomsterh\u00e4lsningar<\/b><\/span><\/p><p style=\"text-align: left;\"><span style=\"color: #000000;\">Papperslappar d\u00e4r vi nedtecknat h\u00e4lsningar p\u00e5 blommor fr\u00e5n begravningen kasseras s\u00e5 fort texten skrivits in digitalt f\u00f6r att kunna sammanst\u00e4lla aktuellt minnesalbum. Detsamma g\u00e4ller tagna bilder av blomsterlappar med h\u00e4lsningar.<\/span><\/p><p style=\"text-align: left;\"><span style=\"color: #000000;\"><b><br \/>Foton<\/b><\/span><\/p><p style=\"text-align: left;\"><span style=\"color: #000000;\">Foton vi tar under en begravning raderas ur telefon efter senast 6 m\u00e5nader. I vissa fall kan vi komma att spara bilder vi tycker \u00e4r fina i syfte att eventuellt anv\u00e4nda dem som exempelmaterial eller p\u00e5 v\u00e5r hemsida. I s\u00e5 fall kommer vi dock alltid att f\u00f6rst kontakta n\u00e4rmast anh\u00f6rig f\u00f6r ett godk\u00e4nnande. Utan ett s\u00e5dant godk\u00e4nnande anv\u00e4nds inget bildmaterial och detta kommer d\u00e5 att kasseras.<\/span><\/p><p style=\"text-align: left;\">\u00a0<\/p><p style=\"text-align: left;\"><span style=\"color: #000000;\"><b>Undantag fr\u00e5n GDPR<\/b><\/span><\/p><p style=\"text-align: left;\"><span style=\"color: #000000;\">Det finns lagar som st\u00e5r \u00f6ver GDPR. T.ex. beh\u00f6ver grund av lagstiftning vissa uppgifter i bokf\u00f6ringen sparas i minst sju \u00e5r. Detsamma g\u00e4ller t.ex. inkommande och utg\u00e5ende fakturor.<\/span><\/p><p style=\"text-align: left;\"><span style=\"color: #000000;\">Bouppteckning \u00e4r en offentlig handling och p\u00e5 grund av detta sparas personuppgifter i denna, som under \u00f6versk\u00e5dlig tid g\u00e5r att h\u00e4mta ut digitalt fr\u00e5n Skatteverket.<\/span><\/p><p style=\"text-align: left;\"><span style=\"color: #000000;\"><b>\u00a0<\/b><\/span><\/p><p style=\"text-align: left;\"><span style=\"color: #000000;\"><b>Dina r\u00e4ttigheter<\/b><\/span><\/p><p style=\"text-align: left;\"><span style=\"color: #000000;\">Som registrerad har du enligt g\u00e4llande lagstiftning ett antal r\u00e4ttigheter. Du har r\u00e4tt till att be om och motta ett utdrag p\u00e5 vilka personuppgifter vi har registrerade om dig. Du har ocks\u00e5 r\u00e4tt att beg\u00e4ra r\u00e4ttelse av uppgifter som visar sig felaktiga, samt att i vissa fall beg\u00e4ra att uppgifter raderas.<\/span><\/p><p style=\"text-align: left;\"><span style=\"color: #000000;\">Du \u00e4r alltid v\u00e4lkommen att h\u00f6ra av dig om du har fr\u00e5gor om hur vi behandlar dina personuppgifter. Detta g\u00f6r du genom att kontakta Petter Edin, som \u00e4r ansvarig f\u00f6r personuppgiftsfr\u00e5gor.<\/span><\/p><p style=\"text-align: left;\"><span style=\"color: #000000;\">Vi kan komma att g\u00f6ra \u00e4ndringar och uppdateringar i v\u00e5r integritetspolicy och den senaste versionen av policyn finns alltid tillg\u00e4nglig h\u00e4r p\u00e5 hemsidan.<\/span><\/p>\t\t\t\t\t\t\t\t<\/div>\n\t\t\t\t<\/div>\n\t\t\t\t\t<\/div>\n\t\t<\/div>\n\t\t\t\t\t<\/div>\n\t\t<\/section>\n\t\t\t\t<\/div>\n\t\t","protected":false},"excerpt":{"rendered":"<p>GDPR f\u00f6r Edins Begravningsbyr\u00e5 F\u00f6r Edins Begravningsbyr\u00e5 \u00e4r din personliga integritet viktig och d\u00e4rf\u00f6r vill vi att du ska k\u00e4nna dig trygg i hur vi anv\u00e4nder oss av personuppgifter. Nedan redog\u00f6r vi d\u00e4rf\u00f6r f\u00f6r hur vi samlar in och anv\u00e4nder dessa. Vad \u00e4r en personuppgift? En personuppgift inneb\u00e4r en uppgift om en fysisk person som [&hellip;]<\/p>\n","protected":false},"author":1,"featured_media":0,"parent":0,"menu_order":0,"comment_status":"closed","ping_status":"closed","template":"elementor_header_footer","meta":{"footnotes":""},"class_list":["post-307","page","type-page","status-publish","hentry"],"_links":{"self":[{"href":"https:\/\/edinsbegravningsbyra.se\/index.php\/wp-json\/wp\/v2\/pages\/307","targetHints":{"allow":["GET"]}}],"collection":[{"href":"https:\/\/edinsbegravningsbyra.se\/index.php\/wp-json\/wp\/v2\/pages"}],"about":[{"href":"https:\/\/edinsbegravningsbyra.se\/index.php\/wp-json\/wp\/v2\/types\/page"}],"author":[{"embeddable":true,"href":"https:\/\/edinsbegravningsbyra.se\/index.php\/wp-json\/wp\/v2\/users\/1"}],"replies":[{"embeddable":true,"href":"https:\/\/edinsbegravningsbyra.se\/index.php\/wp-json\/wp\/v2\/comments?post=307"}],"version-history":[{"count":38,"href":"https:\/\/edinsbegravningsbyra.se\/index.php\/wp-json\/wp\/v2\/pages\/307\/revisions"}],"predecessor-version":[{"id":3250,"href":"https:\/\/edinsbegravningsbyra.se\/index.php\/wp-json\/wp\/v2\/pages\/307\/revisions\/3250"}],"wp:attachment":[{"href":"https:\/\/edinsbegravningsbyra.se\/index.php\/wp-json\/wp\/v2\/media?parent=307"}],"curies":[{"name":"wp","href":"https:\/\/api.w.org\/{rel}","templated":true}]}}