{"id":319,"date":"2021-02-24T17:59:44","date_gmt":"2021-02-24T16:59:44","guid":{"rendered":"http:\/\/edinsbegravningsbyra.se\/?page_id=319"},"modified":"2024-06-18T14:41:04","modified_gmt":"2024-06-18T12:41:04","slug":"kistor-urnor","status":"publish","type":"page","link":"https:\/\/edinsbegravningsbyra.se\/index.php\/kistor-urnor\/","title":{"rendered":"Kistor och urnor"},"content":{"rendered":"\t\t<div data-elementor-type=\"wp-page\" data-elementor-id=\"319\" class=\"elementor elementor-319\" data-elementor-post-type=\"page\">\n\t\t\t\t\t\t<section class=\"elementor-section elementor-top-section elementor-element elementor-element-366ce770 elementor-section-boxed elementor-section-height-default elementor-section-height-default\" data-id=\"366ce770\" data-element_type=\"section\" data-settings=\"{&quot;background_background&quot;:&quot;classic&quot;}\">\n\t\t\t\t\t\t\t<div class=\"elementor-background-overlay\"><\/div>\n\t\t\t\t\t\t\t<div class=\"elementor-container elementor-column-gap-default\">\n\t\t\t\t\t<div class=\"elementor-column elementor-col-100 elementor-top-column elementor-element elementor-element-008adcc\" data-id=\"008adcc\" data-element_type=\"column\">\n\t\t\t<div class=\"elementor-widget-wrap elementor-element-populated\">\n\t\t\t\t\t\t<div class=\"elementor-element elementor-element-a9fd39e elementor-widget elementor-widget-heading\" data-id=\"a9fd39e\" data-element_type=\"widget\" data-widget_type=\"heading.default\">\n\t\t\t\t<div class=\"elementor-widget-container\">\n\t\t\t\t\t<h1 class=\"elementor-heading-title elementor-size-default\">Kistor och Urnor<\/h1>\t\t\t\t<\/div>\n\t\t\t\t<\/div>\n\t\t\t\t\t<\/div>\n\t\t<\/div>\n\t\t\t\t\t<\/div>\n\t\t<\/section>\n\t\t\t\t<section class=\"elementor-section elementor-top-section elementor-element elementor-element-65bf1452 elementor-section-boxed elementor-section-height-default elementor-section-height-default\" data-id=\"65bf1452\" data-element_type=\"section\">\n\t\t\t\t\t\t<div class=\"elementor-container elementor-column-gap-no\">\n\t\t\t\t\t<div class=\"elementor-column elementor-col-100 elementor-top-column elementor-element elementor-element-1232e05c\" data-id=\"1232e05c\" data-element_type=\"column\">\n\t\t\t<div class=\"elementor-widget-wrap elementor-element-populated\">\n\t\t\t\t\t\t<div class=\"elementor-element elementor-element-e4202cf elementor-widget elementor-widget-text-editor\" data-id=\"e4202cf\" data-element_type=\"widget\" data-widget_type=\"text-editor.default\">\n\t\t\t\t<div class=\"elementor-widget-container\">\n\t\t\t\t\t\t\t\t\t<p><strong>Kistor<\/strong> Det finns olika typer av kistor, allt utifr\u00e5n vad som blir fint f\u00f6r just den personen det g\u00e4ller. Det g\u00e5r ocks\u00e5 att f\u00e5 olika kistor i olika f\u00e4rger. <\/p><p><strong>Urnor<\/strong> Detsamma som g\u00e4ller kistor g\u00e4ller ocks\u00e5 urnor. Nedan finner du v\u00e5rt utbud och val av kistor och urnor.<\/p>\t\t\t\t\t\t\t\t<\/div>\n\t\t\t\t<\/div>\n\t\t\t\t\t<\/div>\n\t\t<\/div>\n\t\t\t\t\t<\/div>\n\t\t<\/section>\n\t\t\t\t<section class=\"elementor-section elementor-top-section elementor-element elementor-element-3dd84d1 elementor-section-boxed elementor-section-height-default elementor-section-height-default\" data-id=\"3dd84d1\" data-element_type=\"section\">\n\t\t\t\t\t\t<div class=\"elementor-container elementor-column-gap-default\">\n\t\t\t\t\t<div class=\"elementor-column elementor-col-100 elementor-top-column elementor-element elementor-element-418fbf5\" data-id=\"418fbf5\" data-element_type=\"column\">\n\t\t\t<div class=\"elementor-widget-wrap elementor-element-populated\">\n\t\t\t\t\t\t<div class=\"elementor-element elementor-element-081dd25 elementor-widget elementor-widget-html\" data-id=\"081dd25\" data-element_type=\"widget\" data-widget_type=\"html.default\">\n\t\t\t\t<div class=\"elementor-widget-container\">\n\t\t\t\t\t<script src=\"https:\/\/www.fredahlrydens.se\/begravningsbyr%C3%A5er\/1888\/katalog\/embed.js\"><\/script>\t\t\t\t<\/div>\n\t\t\t\t<\/div>\n\t\t\t\t\t<\/div>\n\t\t<\/div>\n\t\t\t\t\t<\/div>\n\t\t<\/section>\n\t\t\t\t<\/div>\n\t\t","protected":false},"excerpt":{"rendered":"<p>Kistor och Urnor Kistor Det finns olika typer av kistor, allt utifr\u00e5n vad som blir fint f\u00f6r just den personen det g\u00e4ller. Det g\u00e5r ocks\u00e5 att f\u00e5 olika kistor i olika f\u00e4rger. Urnor Detsamma som g\u00e4ller kistor g\u00e4ller ocks\u00e5 urnor. Nedan finner du v\u00e5rt utbud och val av kistor och urnor.<\/p>\n","protected":false},"author":1,"featured_media":0,"parent":0,"menu_order":0,"comment_status":"closed","ping_status":"closed","template":"","meta":{"footnotes":""},"class_list":["post-319","page","type-page","status-publish","hentry"],"_links":{"self":[{"href":"https:\/\/edinsbegravningsbyra.se\/index.php\/wp-json\/wp\/v2\/pages\/319","targetHints":{"allow":["GET"]}}],"collection":[{"href":"https:\/\/edinsbegravningsbyra.se\/index.php\/wp-json\/wp\/v2\/pages"}],"about":[{"href":"https:\/\/edinsbegravningsbyra.se\/index.php\/wp-json\/wp\/v2\/types\/page"}],"author":[{"embeddable":true,"href":"https:\/\/edinsbegravningsbyra.se\/index.php\/wp-json\/wp\/v2\/users\/1"}],"replies":[{"embeddable":true,"href":"https:\/\/edinsbegravningsbyra.se\/index.php\/wp-json\/wp\/v2\/comments?post=319"}],"version-history":[{"count":83,"href":"https:\/\/edinsbegravningsbyra.se\/index.php\/wp-json\/wp\/v2\/pages\/319\/revisions"}],"predecessor-version":[{"id":3010,"href":"https:\/\/edinsbegravningsbyra.se\/index.php\/wp-json\/wp\/v2\/pages\/319\/revisions\/3010"}],"wp:attachment":[{"href":"https:\/\/edinsbegravningsbyra.se\/index.php\/wp-json\/wp\/v2\/media?parent=319"}],"curies":[{"name":"wp","href":"https:\/\/api.w.org\/{rel}","templated":true}]}}