{"id":334,"date":"2021-02-24T18:01:13","date_gmt":"2021-02-24T17:01:13","guid":{"rendered":"http:\/\/edinsbegravningsbyra.se\/?page_id=334"},"modified":"2024-11-11T21:34:05","modified_gmt":"2024-11-11T20:34:05","slug":"om-oss","status":"publish","type":"page","link":"https:\/\/edinsbegravningsbyra.se\/index.php\/om-oss\/","title":{"rendered":"Om oss"},"content":{"rendered":"\t\t<div data-elementor-type=\"wp-page\" data-elementor-id=\"334\" class=\"elementor elementor-334\" data-elementor-post-type=\"page\">\n\t\t\t\t\t\t<section class=\"elementor-section elementor-top-section elementor-element elementor-element-d6586ae elementor-section-boxed elementor-section-height-default elementor-section-height-default\" data-id=\"d6586ae\" data-element_type=\"section\">\n\t\t\t\t\t\t<div class=\"elementor-container elementor-column-gap-default\">\n\t\t\t\t\t<div class=\"elementor-column elementor-col-100 elementor-top-column elementor-element elementor-element-ecb545b\" data-id=\"ecb545b\" data-element_type=\"column\">\n\t\t\t<div class=\"elementor-widget-wrap elementor-element-populated\">\n\t\t\t\t\t\t<div class=\"elementor-element elementor-element-6d5059c elementor-widget elementor-widget-spacer\" data-id=\"6d5059c\" data-element_type=\"widget\" data-widget_type=\"spacer.default\">\n\t\t\t\t<div class=\"elementor-widget-container\">\n\t\t\t\t\t\t\t<div class=\"elementor-spacer\">\n\t\t\t<div class=\"elementor-spacer-inner\"><\/div>\n\t\t<\/div>\n\t\t\t\t\t\t<\/div>\n\t\t\t\t<\/div>\n\t\t\t\t\t<\/div>\n\t\t<\/div>\n\t\t\t\t\t<\/div>\n\t\t<\/section>\n\t\t\t\t<section class=\"elementor-section elementor-top-section elementor-element elementor-element-3ac3b83 elementor-section-boxed elementor-section-height-default elementor-section-height-default\" data-id=\"3ac3b83\" data-element_type=\"section\">\n\t\t\t\t\t\t<div class=\"elementor-container elementor-column-gap-default\">\n\t\t\t\t\t<div class=\"elementor-column elementor-col-33 elementor-top-column elementor-element elementor-element-40de61d\" data-id=\"40de61d\" data-element_type=\"column\">\n\t\t\t<div class=\"elementor-widget-wrap elementor-element-populated\">\n\t\t\t\t\t\t<div class=\"elementor-element elementor-element-98e4133 elementor-widget elementor-widget-heading\" data-id=\"98e4133\" data-element_type=\"widget\" data-widget_type=\"heading.default\">\n\t\t\t\t<div class=\"elementor-widget-container\">\n\t\t\t\t\t<h2 class=\"elementor-heading-title elementor-size-default\">Om oss<\/h2>\t\t\t\t<\/div>\n\t\t\t\t<\/div>\n\t\t\t\t<div class=\"elementor-element elementor-element-82d5dcd elementor-widget elementor-widget-image\" data-id=\"82d5dcd\" data-element_type=\"widget\" data-widget_type=\"image.default\">\n\t\t\t\t<div class=\"elementor-widget-container\">\n\t\t\t\t\t\t\t\t\t\t\t\t\t\t\t<img fetchpriority=\"high\" decoding=\"async\" width=\"800\" height=\"600\" src=\"https:\/\/edinsbegravningsbyra.se\/wp-content\/uploads\/2023\/09\/Rundad-bild-skogsvag-Smalandsstenar-1024x768.jpg\" class=\"attachment-large size-large wp-image-2445\" alt=\"\" srcset=\"https:\/\/edinsbegravningsbyra.se\/wp-content\/uploads\/2023\/09\/Rundad-bild-skogsvag-Smalandsstenar-1024x768.jpg 1024w, https:\/\/edinsbegravningsbyra.se\/wp-content\/uploads\/2023\/09\/Rundad-bild-skogsvag-Smalandsstenar-300x225.jpg 300w, https:\/\/edinsbegravningsbyra.se\/wp-content\/uploads\/2023\/09\/Rundad-bild-skogsvag-Smalandsstenar-768x576.jpg 768w, https:\/\/edinsbegravningsbyra.se\/wp-content\/uploads\/2023\/09\/Rundad-bild-skogsvag-Smalandsstenar.jpg 1521w\" sizes=\"(max-width: 800px) 100vw, 800px\" title=\"\">\t\t\t\t\t\t\t\t\t\t\t\t\t\t\t<\/div>\n\t\t\t\t<\/div>\n\t\t\t\t\t<\/div>\n\t\t<\/div>\n\t\t\t\t<div class=\"elementor-column elementor-col-66 elementor-top-column elementor-element elementor-element-e99a50e\" data-id=\"e99a50e\" data-element_type=\"column\">\n\t\t\t<div class=\"elementor-widget-wrap elementor-element-populated\">\n\t\t\t\t\t\t<div class=\"elementor-element elementor-element-08ad4f8 elementor-widget elementor-widget-spacer\" data-id=\"08ad4f8\" data-element_type=\"widget\" data-widget_type=\"spacer.default\">\n\t\t\t\t<div class=\"elementor-widget-container\">\n\t\t\t\t\t\t\t<div class=\"elementor-spacer\">\n\t\t\t<div class=\"elementor-spacer-inner\"><\/div>\n\t\t<\/div>\n\t\t\t\t\t\t<\/div>\n\t\t\t\t<\/div>\n\t\t\t\t<div class=\"elementor-element elementor-element-f1cc0f3 elementor-widget elementor-widget-text-editor\" data-id=\"f1cc0f3\" data-element_type=\"widget\" data-widget_type=\"text-editor.default\">\n\t\t\t\t<div class=\"elementor-widget-container\">\n\t\t\t\t\t\t\t\t\t<p>Edins Begravningsbyr\u00e5 startades 2020 av Petter Edin och har sitt s\u00e4te i Sm\u00e5landsstenar. Vi \u00e4r en lokal begravningsbyr\u00e5 med v\u00e5rt fr\u00e4msta arbetsomr\u00e5de i Gislaved, Gnosj\u00f6 och V\u00e4rnamo kommuner, men hj\u00e4lper till med att ordna begravningar i hela Sverige. Det goda samtalet \u00e4r viktigt f\u00f6r oss och du \u00e4r varmt v\u00e4lkommen att kontakta oss om du har fr\u00e5gor.<\/p>\n<p>Du \u00e4r varmt v\u00e4lkommen till v\u00e5r lokal p\u00e5 H\u00f6rsj\u00f6gatan 1, men vi g\u00f6r ocks\u00e5 g\u00e4rna hembes\u00f6k f\u00f6r att planera begravning om det \u00f6nskas av dig som anh\u00f6rig.<\/p>\n<p>Vi kan ocks\u00e5 ordna n\u00e4tbaserade m\u00f6ten, t.ex. i det fall att man som familj \u00e4r utspridd och har sv\u00e5rt att tr\u00e4ffas fysiskt f\u00f6r en planering.<\/p>\t\t\t\t\t\t\t\t<\/div>\n\t\t\t\t<\/div>\n\t\t\t\t\t<\/div>\n\t\t<\/div>\n\t\t\t\t\t<\/div>\n\t\t<\/section>\n\t\t\t\t<section class=\"elementor-section elementor-top-section elementor-element elementor-element-79ba469 elementor-section-boxed elementor-section-height-default elementor-section-height-default\" data-id=\"79ba469\" data-element_type=\"section\">\n\t\t\t\t\t\t<div class=\"elementor-container elementor-column-gap-default\">\n\t\t\t\t\t<div class=\"elementor-column elementor-col-100 elementor-top-column elementor-element elementor-element-a656168\" data-id=\"a656168\" data-element_type=\"column\">\n\t\t\t<div class=\"elementor-widget-wrap elementor-element-populated\">\n\t\t\t\t\t\t<div class=\"elementor-element elementor-element-7405356 elementor-widget elementor-widget-spacer\" data-id=\"7405356\" data-element_type=\"widget\" data-widget_type=\"spacer.default\">\n\t\t\t\t<div class=\"elementor-widget-container\">\n\t\t\t\t\t\t\t<div class=\"elementor-spacer\">\n\t\t\t<div class=\"elementor-spacer-inner\"><\/div>\n\t\t<\/div>\n\t\t\t\t\t\t<\/div>\n\t\t\t\t<\/div>\n\t\t\t\t\t<\/div>\n\t\t<\/div>\n\t\t\t\t\t<\/div>\n\t\t<\/section>\n\t\t\t\t<\/div>\n\t\t","protected":false},"excerpt":{"rendered":"<p>Om oss Edins Begravningsbyr\u00e5 startades 2020 av Petter Edin och har sitt s\u00e4te i Sm\u00e5landsstenar. Vi \u00e4r en lokal begravningsbyr\u00e5 med v\u00e5rt fr\u00e4msta arbetsomr\u00e5de i Gislaved, Gnosj\u00f6 och V\u00e4rnamo kommuner, men hj\u00e4lper till med att ordna begravningar i hela Sverige. Det goda samtalet \u00e4r viktigt f\u00f6r oss och du \u00e4r varmt v\u00e4lkommen att kontakta oss [&hellip;]<\/p>\n","protected":false},"author":1,"featured_media":0,"parent":0,"menu_order":0,"comment_status":"closed","ping_status":"closed","template":"elementor_header_footer","meta":{"footnotes":""},"class_list":["post-334","page","type-page","status-publish","hentry"],"_links":{"self":[{"href":"https:\/\/edinsbegravningsbyra.se\/index.php\/wp-json\/wp\/v2\/pages\/334","targetHints":{"allow":["GET"]}}],"collection":[{"href":"https:\/\/edinsbegravningsbyra.se\/index.php\/wp-json\/wp\/v2\/pages"}],"about":[{"href":"https:\/\/edinsbegravningsbyra.se\/index.php\/wp-json\/wp\/v2\/types\/page"}],"author":[{"embeddable":true,"href":"https:\/\/edinsbegravningsbyra.se\/index.php\/wp-json\/wp\/v2\/users\/1"}],"replies":[{"embeddable":true,"href":"https:\/\/edinsbegravningsbyra.se\/index.php\/wp-json\/wp\/v2\/comments?post=334"}],"version-history":[{"count":76,"href":"https:\/\/edinsbegravningsbyra.se\/index.php\/wp-json\/wp\/v2\/pages\/334\/revisions"}],"predecessor-version":[{"id":3139,"href":"https:\/\/edinsbegravningsbyra.se\/index.php\/wp-json\/wp\/v2\/pages\/334\/revisions\/3139"}],"wp:attachment":[{"href":"https:\/\/edinsbegravningsbyra.se\/index.php\/wp-json\/wp\/v2\/media?parent=334"}],"curies":[{"name":"wp","href":"https:\/\/api.w.org\/{rel}","templated":true}]}}