{"id":340,"date":"2021-02-24T18:01:51","date_gmt":"2021-02-24T17:01:51","guid":{"rendered":"http:\/\/edinsbegravningsbyra.se\/?page_id=340"},"modified":"2024-06-18T14:41:27","modified_gmt":"2024-06-18T12:41:27","slug":"sang-musik","status":"publish","type":"page","link":"https:\/\/edinsbegravningsbyra.se\/index.php\/sang-musik\/","title":{"rendered":"S\u00e5ng och musik"},"content":{"rendered":"\t\t<div data-elementor-type=\"wp-page\" data-elementor-id=\"340\" class=\"elementor elementor-340\" data-elementor-post-type=\"page\">\n\t\t\t\t\t\t<section class=\"elementor-section elementor-top-section elementor-element elementor-element-655a9478 elementor-section-boxed elementor-section-height-default elementor-section-height-default\" data-id=\"655a9478\" data-element_type=\"section\" data-settings=\"{&quot;background_background&quot;:&quot;classic&quot;}\">\n\t\t\t\t\t\t\t<div class=\"elementor-background-overlay\"><\/div>\n\t\t\t\t\t\t\t<div class=\"elementor-container elementor-column-gap-default\">\n\t\t\t\t\t<div class=\"elementor-column elementor-col-100 elementor-top-column elementor-element elementor-element-4284b229\" data-id=\"4284b229\" data-element_type=\"column\">\n\t\t\t<div class=\"elementor-widget-wrap elementor-element-populated\">\n\t\t\t\t\t\t<div class=\"elementor-element elementor-element-6358659d elementor-widget elementor-widget-heading\" data-id=\"6358659d\" data-element_type=\"widget\" data-widget_type=\"heading.default\">\n\t\t\t\t<div class=\"elementor-widget-container\">\n\t\t\t\t\t<h1 class=\"elementor-heading-title elementor-size-default\">S\u00e5ng och musik<\/h1>\t\t\t\t<\/div>\n\t\t\t\t<\/div>\n\t\t\t\t\t<\/div>\n\t\t<\/div>\n\t\t\t\t\t<\/div>\n\t\t<\/section>\n\t\t\t\t<section class=\"elementor-section elementor-top-section elementor-element elementor-element-0c0b4a4 elementor-section-boxed elementor-section-height-default elementor-section-height-default\" data-id=\"0c0b4a4\" data-element_type=\"section\">\n\t\t\t\t\t\t<div class=\"elementor-container elementor-column-gap-default\">\n\t\t\t\t\t<div class=\"elementor-column elementor-col-100 elementor-top-column elementor-element elementor-element-0ff495c\" data-id=\"0ff495c\" data-element_type=\"column\">\n\t\t\t<div class=\"elementor-widget-wrap elementor-element-populated\">\n\t\t\t\t\t\t<div class=\"elementor-element elementor-element-abb83ef elementor-widget elementor-widget-text-editor\" data-id=\"abb83ef\" data-element_type=\"widget\" data-widget_type=\"text-editor.default\">\n\t\t\t\t<div class=\"elementor-widget-container\">\n\t\t\t\t\t\t\t\t\t<p>S\u00e5ng och musik \u00e4r ett spr\u00e5k i sig som kan framkalla minnen och k\u00e4nslor och ta vid d\u00e4r orden tar slut. De kan ocks\u00e5 bidra till att ge tr\u00f6st och \u00e4r d\u00e4rf\u00f6r viktiga i samband med en begravning. Ofta framf\u00f6rs s\u00e5ng och musik av en solist, men ibland av flera personer som spelar och sjunger tillsammans.&nbsp;<\/p>\n<p>Vi hj\u00e4lper dig g\u00e4rna med att ordna en solist. Kostnaden varierar, men ligger ofta mellan 1500:- &#8211; 2500:-.<\/p>\n<p><b>OBS! N\u00e4r Petter Edin f\u00e5r ha hand om hela begravningsuppdraget ing\u00e5r, om \u00f6nskan finns, solos\u00e5ng av honom.&nbsp;<\/b><\/p>\n<p>Den sker oftast till eget gitarrackompanjemang, men kan \u00e4ven ske till pianospel.<\/p>\n<p><\/p>\t\t\t\t\t\t\t\t<\/div>\n\t\t\t\t<\/div>\n\t\t\t\t\t<\/div>\n\t\t<\/div>\n\t\t\t\t\t<\/div>\n\t\t<\/section>\n\t\t\t\t<\/div>\n\t\t","protected":false},"excerpt":{"rendered":"<p>S\u00e5ng och musik S\u00e5ng och musik \u00e4r ett spr\u00e5k i sig som kan framkalla minnen och k\u00e4nslor och ta vid d\u00e4r orden tar slut. De kan ocks\u00e5 bidra till att ge tr\u00f6st och \u00e4r d\u00e4rf\u00f6r viktiga i samband med en begravning. Ofta framf\u00f6rs s\u00e5ng och musik av en solist, men ibland av flera personer som [&hellip;]<\/p>\n","protected":false},"author":1,"featured_media":0,"parent":0,"menu_order":0,"comment_status":"closed","ping_status":"closed","template":"elementor_header_footer","meta":{"footnotes":""},"class_list":["post-340","page","type-page","status-publish","hentry"],"_links":{"self":[{"href":"https:\/\/edinsbegravningsbyra.se\/index.php\/wp-json\/wp\/v2\/pages\/340","targetHints":{"allow":["GET"]}}],"collection":[{"href":"https:\/\/edinsbegravningsbyra.se\/index.php\/wp-json\/wp\/v2\/pages"}],"about":[{"href":"https:\/\/edinsbegravningsbyra.se\/index.php\/wp-json\/wp\/v2\/types\/page"}],"author":[{"embeddable":true,"href":"https:\/\/edinsbegravningsbyra.se\/index.php\/wp-json\/wp\/v2\/users\/1"}],"replies":[{"embeddable":true,"href":"https:\/\/edinsbegravningsbyra.se\/index.php\/wp-json\/wp\/v2\/comments?post=340"}],"version-history":[{"count":32,"href":"https:\/\/edinsbegravningsbyra.se\/index.php\/wp-json\/wp\/v2\/pages\/340\/revisions"}],"predecessor-version":[{"id":3011,"href":"https:\/\/edinsbegravningsbyra.se\/index.php\/wp-json\/wp\/v2\/pages\/340\/revisions\/3011"}],"wp:attachment":[{"href":"https:\/\/edinsbegravningsbyra.se\/index.php\/wp-json\/wp\/v2\/media?parent=340"}],"curies":[{"name":"wp","href":"https:\/\/api.w.org\/{rel}","templated":true}]}}