{"id":343,"date":"2021-02-24T18:02:11","date_gmt":"2021-02-24T17:02:11","guid":{"rendered":"http:\/\/edinsbegravningsbyra.se\/?page_id=343"},"modified":"2025-05-13T13:22:13","modified_gmt":"2025-05-13T11:22:13","slug":"sorg-saknad","status":"publish","type":"page","link":"https:\/\/edinsbegravningsbyra.se\/index.php\/sorg-saknad\/","title":{"rendered":"Sorg och saknad"},"content":{"rendered":"\t\t<div data-elementor-type=\"wp-page\" data-elementor-id=\"343\" class=\"elementor elementor-343\" data-elementor-post-type=\"page\">\n\t\t\t\t\t\t<section class=\"elementor-section elementor-top-section elementor-element elementor-element-55379563 elementor-section-boxed elementor-section-height-default elementor-section-height-default\" data-id=\"55379563\" data-element_type=\"section\" data-settings=\"{&quot;background_background&quot;:&quot;classic&quot;}\">\n\t\t\t\t\t\t\t<div class=\"elementor-background-overlay\"><\/div>\n\t\t\t\t\t\t\t<div class=\"elementor-container elementor-column-gap-default\">\n\t\t\t\t\t<div class=\"elementor-column elementor-col-100 elementor-top-column elementor-element elementor-element-5fef7b1f\" data-id=\"5fef7b1f\" data-element_type=\"column\">\n\t\t\t<div class=\"elementor-widget-wrap elementor-element-populated\">\n\t\t\t\t\t\t<div class=\"elementor-element elementor-element-b28bfa6 elementor-widget elementor-widget-heading\" data-id=\"b28bfa6\" data-element_type=\"widget\" data-widget_type=\"heading.default\">\n\t\t\t\t<div class=\"elementor-widget-container\">\n\t\t\t\t\t<h1 class=\"elementor-heading-title elementor-size-medium\">Sorg &amp; saknad<\/h1>\t\t\t\t<\/div>\n\t\t\t\t<\/div>\n\t\t\t\t\t<\/div>\n\t\t<\/div>\n\t\t\t\t\t<\/div>\n\t\t<\/section>\n\t\t\t\t<section class=\"elementor-section elementor-top-section elementor-element elementor-element-3162af8f elementor-section-boxed elementor-section-height-default elementor-section-height-default\" data-id=\"3162af8f\" data-element_type=\"section\">\n\t\t\t\t\t\t<div class=\"elementor-container elementor-column-gap-no\">\n\t\t\t\t\t<div class=\"elementor-column elementor-col-100 elementor-top-column elementor-element elementor-element-19b5e3fa\" data-id=\"19b5e3fa\" data-element_type=\"column\">\n\t\t\t<div class=\"elementor-widget-wrap elementor-element-populated\">\n\t\t\t\t\t\t<section class=\"elementor-section elementor-inner-section elementor-element elementor-element-318dbd31 elementor-section-full_width elementor-section-height-default elementor-section-height-default\" data-id=\"318dbd31\" data-element_type=\"section\">\n\t\t\t\t\t\t<div class=\"elementor-container elementor-column-gap-default\">\n\t\t\t\t\t<div class=\"elementor-column elementor-col-50 elementor-inner-column elementor-element elementor-element-2286a720\" data-id=\"2286a720\" data-element_type=\"column\">\n\t\t\t<div class=\"elementor-widget-wrap elementor-element-populated\">\n\t\t\t\t\t\t<div class=\"elementor-element elementor-element-53fe125e elementor-widget elementor-widget-text-editor\" data-id=\"53fe125e\" data-element_type=\"widget\" data-widget_type=\"text-editor.default\">\n\t\t\t\t<div class=\"elementor-widget-container\">\n\t\t\t\t\t\t\t\t\t<p>Sorgen och saknaden drabbar oss alla n\u00e5gon g\u00e5ng och kan intr\u00e4ffa n\u00e4r vi minst anar det.&nbsp;<span style=\"font-size: 1rem;\">Pl\u00f6tsligt finns inte en \u00e4lskad n\u00e4rst\u00e5ende l\u00e4ngre i livet och tomrummet blir stort.<\/span><\/p>\n<p>Hur ser sorg ut?<\/p>\n<p>Det finns inget enhetligt svar p\u00e5 den fr\u00e5gan, just p\u00e5 grund av att vi alla \u00e4r unika och s\u00f6rjer p\u00e5 olika s\u00e4tt. Den som inte gr\u00e5ter s\u00f6rjer inte automatiskt mindre j\u00e4mf\u00f6rt med den som gr\u00e5ter mycket.<\/p>\t\t\t\t\t\t\t\t<\/div>\n\t\t\t\t<\/div>\n\t\t\t\t\t<\/div>\n\t\t<\/div>\n\t\t\t\t<div class=\"elementor-column elementor-col-50 elementor-inner-column elementor-element elementor-element-f260ce7\" data-id=\"f260ce7\" data-element_type=\"column\">\n\t\t\t<div class=\"elementor-widget-wrap elementor-element-populated\">\n\t\t\t\t\t\t<div class=\"elementor-element elementor-element-34c669dc elementor-widget elementor-widget-text-editor\" data-id=\"34c669dc\" data-element_type=\"widget\" data-widget_type=\"text-editor.default\">\n\t\t\t\t<div class=\"elementor-widget-container\">\n\t\t\t\t\t\t\t\t\t<p>N\u00e5gon vill prata mycket om det som h\u00e4nt, en annan g\u00f6r det inte i samma utstr\u00e4ckning. Ett barns sorg kan ocks\u00e5 se olika ut gentemot hur den ser ut f\u00f6r dess f\u00f6r\u00e4lder&#8230;<\/p><p><span style=\"font-size: 1rem;\">Det \u00e4r fullt naturligt att k\u00e4nna saknad n\u00e4r n\u00e5gon avlider och detta av olika anledningar; minnen man har av och tillsammans med personen, saker man talade om och \u00e4ven saker som aldrig blev sagda eller gjorda.<\/span><br><\/p>\n<p>N\u00e4r man kommer i sorg och saknad \u00e4r det viktigt att f\u00e5 s\u00f6rja och sakna, bli tagen p\u00e5 allvar och att f\u00e5 st\u00e4lla sina fr\u00e5gor.<\/p>\t\t\t\t\t\t\t\t<\/div>\n\t\t\t\t<\/div>\n\t\t\t\t\t<\/div>\n\t\t<\/div>\n\t\t\t\t\t<\/div>\n\t\t<\/section>\n\t\t\t\t<section class=\"elementor-section elementor-inner-section elementor-element elementor-element-53845d6 elementor-section-boxed elementor-section-height-default elementor-section-height-default\" data-id=\"53845d6\" data-element_type=\"section\">\n\t\t\t\t\t\t<div class=\"elementor-container elementor-column-gap-default\">\n\t\t\t\t\t<div class=\"elementor-column elementor-col-100 elementor-inner-column elementor-element elementor-element-4e5ba68\" data-id=\"4e5ba68\" data-element_type=\"column\">\n\t\t\t<div class=\"elementor-widget-wrap elementor-element-populated\">\n\t\t\t\t\t\t<div class=\"elementor-element elementor-element-34d8b85 elementor-widget elementor-widget-text-editor\" data-id=\"34d8b85\" data-element_type=\"widget\" data-widget_type=\"text-editor.default\">\n\t\t\t\t<div class=\"elementor-widget-container\">\n\t\t\t\t\t\t\t\t\t<p><span style=\"font-size: 1rem;\">H\u00e4r \u00e4r Edins Begravningsbyr\u00e5 en hj\u00e4lp p\u00e5 en del av v\u00e4gen fram\u00e5t.<\/span><\/p>\n<p>V\u00e4lkommen att se \u00f6ver informationen h\u00e4r p\u00e5 hemsidan och att kontakta oss om du har fr\u00e5gor.<br>Vi finns f\u00f6r att hj\u00e4lpa dig i en mycket speciell situation i livet.<\/p>\t\t\t\t\t\t\t\t<\/div>\n\t\t\t\t<\/div>\n\t\t\t\t\t<\/div>\n\t\t<\/div>\n\t\t\t\t\t<\/div>\n\t\t<\/section>\n\t\t\t\t\t<\/div>\n\t\t<\/div>\n\t\t\t\t\t<\/div>\n\t\t<\/section>\n\t\t\t\t<\/div>\n\t\t","protected":false},"excerpt":{"rendered":"<p>Sorg &amp; saknad Sorgen och saknaden drabbar oss alla n\u00e5gon g\u00e5ng och kan intr\u00e4ffa n\u00e4r vi minst anar det.&nbsp;Pl\u00f6tsligt finns inte en \u00e4lskad n\u00e4rst\u00e5ende l\u00e4ngre i livet och tomrummet blir stort. Hur ser sorg ut? Det finns inget enhetligt svar p\u00e5 den fr\u00e5gan, just p\u00e5 grund av att vi alla \u00e4r unika och s\u00f6rjer p\u00e5 [&hellip;]<\/p>\n","protected":false},"author":1,"featured_media":0,"parent":0,"menu_order":0,"comment_status":"closed","ping_status":"closed","template":"elementor_header_footer","meta":{"footnotes":""},"class_list":["post-343","page","type-page","status-publish","hentry"],"_links":{"self":[{"href":"https:\/\/edinsbegravningsbyra.se\/index.php\/wp-json\/wp\/v2\/pages\/343","targetHints":{"allow":["GET"]}}],"collection":[{"href":"https:\/\/edinsbegravningsbyra.se\/index.php\/wp-json\/wp\/v2\/pages"}],"about":[{"href":"https:\/\/edinsbegravningsbyra.se\/index.php\/wp-json\/wp\/v2\/types\/page"}],"author":[{"embeddable":true,"href":"https:\/\/edinsbegravningsbyra.se\/index.php\/wp-json\/wp\/v2\/users\/1"}],"replies":[{"embeddable":true,"href":"https:\/\/edinsbegravningsbyra.se\/index.php\/wp-json\/wp\/v2\/comments?post=343"}],"version-history":[{"count":65,"href":"https:\/\/edinsbegravningsbyra.se\/index.php\/wp-json\/wp\/v2\/pages\/343\/revisions"}],"predecessor-version":[{"id":3248,"href":"https:\/\/edinsbegravningsbyra.se\/index.php\/wp-json\/wp\/v2\/pages\/343\/revisions\/3248"}],"wp:attachment":[{"href":"https:\/\/edinsbegravningsbyra.se\/index.php\/wp-json\/wp\/v2\/media?parent=343"}],"curies":[{"name":"wp","href":"https:\/\/api.w.org\/{rel}","templated":true}]}}