{"id":781,"date":"2021-03-08T15:15:02","date_gmt":"2021-03-08T14:15:02","guid":{"rendered":"http:\/\/edinsbegravningsbyra.se\/?page_id=781"},"modified":"2023-09-15T13:08:55","modified_gmt":"2023-09-15T11:08:55","slug":"juridik","status":"publish","type":"page","link":"https:\/\/edinsbegravningsbyra.se\/index.php\/juridik\/","title":{"rendered":"Juridik"},"content":{"rendered":"\t\t<div data-elementor-type=\"wp-page\" data-elementor-id=\"781\" class=\"elementor elementor-781\" data-elementor-post-type=\"page\">\n\t\t\t\t\t\t<section class=\"elementor-section elementor-top-section elementor-element elementor-element-54ecccc elementor-section-height-min-height elementor-section-content-middle elementor-section-boxed elementor-section-height-default elementor-section-items-middle\" data-id=\"54ecccc\" data-element_type=\"section\" data-settings=\"{&quot;background_background&quot;:&quot;classic&quot;}\">\n\t\t\t\t\t\t\t<div class=\"elementor-background-overlay\"><\/div>\n\t\t\t\t\t\t\t<div class=\"elementor-container elementor-column-gap-default\">\n\t\t\t\t\t<div class=\"elementor-column elementor-col-100 elementor-top-column elementor-element elementor-element-51e9850\" data-id=\"51e9850\" data-element_type=\"column\">\n\t\t\t<div class=\"elementor-widget-wrap elementor-element-populated\">\n\t\t\t\t\t\t<div class=\"elementor-element elementor-element-c33ccc2 elementor-widget elementor-widget-heading\" data-id=\"c33ccc2\" data-element_type=\"widget\" data-widget_type=\"heading.default\">\n\t\t\t\t<div class=\"elementor-widget-container\">\n\t\t\t\t\t<h1 class=\"elementor-heading-title elementor-size-default\">Juridik<\/h1>\t\t\t\t<\/div>\n\t\t\t\t<\/div>\n\t\t\t\t\t<\/div>\n\t\t<\/div>\n\t\t\t\t\t<\/div>\n\t\t<\/section>\n\t\t\t\t<section class=\"elementor-section elementor-top-section elementor-element elementor-element-3edb925 elementor-section-boxed elementor-section-height-default elementor-section-height-default\" data-id=\"3edb925\" data-element_type=\"section\">\n\t\t\t\t\t\t<div class=\"elementor-container elementor-column-gap-default\">\n\t\t\t\t\t<div class=\"elementor-column elementor-col-100 elementor-top-column elementor-element elementor-element-343ad0f\" data-id=\"343ad0f\" data-element_type=\"column\">\n\t\t\t<div class=\"elementor-widget-wrap elementor-element-populated\">\n\t\t\t\t\t\t<div class=\"elementor-element elementor-element-1ef499b elementor-widget elementor-widget-spacer\" data-id=\"1ef499b\" data-element_type=\"widget\" data-widget_type=\"spacer.default\">\n\t\t\t\t<div class=\"elementor-widget-container\">\n\t\t\t\t\t\t\t<div class=\"elementor-spacer\">\n\t\t\t<div class=\"elementor-spacer-inner\"><\/div>\n\t\t<\/div>\n\t\t\t\t\t\t<\/div>\n\t\t\t\t<\/div>\n\t\t\t\t\t<\/div>\n\t\t<\/div>\n\t\t\t\t\t<\/div>\n\t\t<\/section>\n\t\t\t\t<section class=\"elementor-section elementor-top-section elementor-element elementor-element-f85cdc9 elementor-section-boxed elementor-section-height-default elementor-section-height-default\" data-id=\"f85cdc9\" data-element_type=\"section\">\n\t\t\t\t\t\t<div class=\"elementor-container elementor-column-gap-default\">\n\t\t\t\t\t<div class=\"elementor-column elementor-col-33 elementor-top-column elementor-element elementor-element-607a3a0\" data-id=\"607a3a0\" data-element_type=\"column\">\n\t\t\t<div class=\"elementor-widget-wrap elementor-element-populated\">\n\t\t\t\t\t\t<div class=\"elementor-element elementor-element-6d24924 elementor-widget elementor-widget-image\" data-id=\"6d24924\" data-element_type=\"widget\" data-widget_type=\"image.default\">\n\t\t\t\t<div class=\"elementor-widget-container\">\n\t\t\t\t\t\t\t\t\t\t\t\t\t\t\t<img fetchpriority=\"high\" decoding=\"async\" width=\"300\" height=\"200\" src=\"https:\/\/edinsbegravningsbyra.se\/wp-content\/uploads\/2021\/02\/AdobeStock_79128854-1-scaled-300x200.jpeg\" class=\"attachment-medium size-medium wp-image-23\" alt=\"Juridik\" srcset=\"https:\/\/edinsbegravningsbyra.se\/wp-content\/uploads\/2021\/02\/AdobeStock_79128854-1-scaled-300x200.jpeg 300w, https:\/\/edinsbegravningsbyra.se\/wp-content\/uploads\/2021\/02\/AdobeStock_79128854-1-scaled-1024x681.jpeg 1024w, https:\/\/edinsbegravningsbyra.se\/wp-content\/uploads\/2021\/02\/AdobeStock_79128854-1-scaled-768x511.jpeg 768w, https:\/\/edinsbegravningsbyra.se\/wp-content\/uploads\/2021\/02\/AdobeStock_79128854-1-scaled-1536x1022.jpeg 1536w, https:\/\/edinsbegravningsbyra.se\/wp-content\/uploads\/2021\/02\/AdobeStock_79128854-1-scaled-2048x1362.jpeg 2048w\" sizes=\"(max-width: 300px) 100vw, 300px\" title=\"\">\t\t\t\t\t\t\t\t\t\t\t\t\t\t\t<\/div>\n\t\t\t\t<\/div>\n\t\t\t\t\t<\/div>\n\t\t<\/div>\n\t\t\t\t<div class=\"elementor-column elementor-col-66 elementor-top-column elementor-element elementor-element-9e116cd\" data-id=\"9e116cd\" data-element_type=\"column\">\n\t\t\t<div class=\"elementor-widget-wrap elementor-element-populated\">\n\t\t\t\t\t\t<div class=\"elementor-element elementor-element-e0ac06d elementor-widget elementor-widget-text-editor\" data-id=\"e0ac06d\" data-element_type=\"widget\" data-widget_type=\"text-editor.default\">\n\t\t\t\t<div class=\"elementor-widget-container\">\n\t\t\t\t\t\t\t\t\t<p>Vi samarbetar med en juristbyr\u00e5 f\u00f6r att ge dig en god hj\u00e4lp med f\u00f6rekommande juridiska fr\u00e5gor i samband med ett d\u00f6dsfall. H\u00e4r f\u00f6ljer n\u00e5gra exempel p\u00e5 juridiken:<\/p><p>\u00a0<\/p><p><strong>Bouppteckning<\/strong> <br \/>Efter en begravning m\u00e5ste en bouppteckning g\u00f6ras, vilket inneb\u00e4r att man sammanst\u00e4ller den avlidnes tillg\u00e5ngar p\u00e5 d\u00f6dsdagen och dens skulder. Lagen kr\u00e4ver att bouppteckning g\u00f6rs och man beh\u00f6ver fastst\u00e4lla vem eller vilka som \u00e4r s\u00e5 kallade d\u00f6dsbodel\u00e4gare. En godk\u00e4nd bouppteckning m\u00e5ste ocks\u00e5 finnas f\u00f6r att t.ex. kunna s\u00e4lja en fastighet. Den gjorda bouppteckningen skickas in till Skatteverket f\u00f6r godk\u00e4nnade och registrering. Om tillg\u00e5ngar saknas i d\u00f6dsboet kan bouppteckning ist\u00e4llet ers\u00e4ttas av en s\u00e5 kallad D\u00f6dsboanm\u00e4lan.<\/p><p>\u00a0<\/p><p><strong>Arvsskifte<\/strong> <br \/>Ett arvsskifte \u00e4r en privat uppg\u00f6relse mellan d\u00f6dsbodel\u00e4gare, som visar vem som ska f\u00e5 \u00e4rva vad.<\/p><p>\u00a0<\/p><p><strong>Testamente<\/strong> <br \/>Finns ett testamente har n\u00e5gon d\u00e4r skrivit ned hur man vill att en tillg\u00e5ngar ska handhas efter att man sj\u00e4lv avlidit. Det \u00e4r mycket viktigt att ta h\u00e4nsyn till inneb\u00f6rden i ett testamente. Dock kan inte allt testamenteras hur som helst; som barn till avliden, s\u00e5 kallad br\u00f6starvinge, har man alltid en viss r\u00e4ttighet till en del av den avlidnes kvarl\u00e5tenskap. Du kan ocks\u00e5 f\u00e5 hj\u00e4lp med att skriva ett eget testamente om du g\u00e5r i tankar om hur du sj\u00e4lv vill ha det ordnat efter din bortg\u00e5ng.<\/p><p>\u00a0<\/p><p><strong>F\u00f6rs\u00e4kringar<\/strong> <br \/>T\u00e4nk ocks\u00e5 p\u00e5 att den avlidne kan ha haft en f\u00f6rs\u00e4kring eller flera som faller ut vid d\u00f6dsfall. Det kan vara en f\u00f6rs\u00e4kring genom arbetet eller en privat tecknad f\u00f6rs\u00e4kring. Varje \u00e5r \u00e4r det m\u00e5nga miljoner i f\u00f6rs\u00e4kringspengar i Sverige som aldrig betalas ut eftersom ingen fr\u00e5gar efter dem. Det kan vara mycket v\u00e4rt att kolla upp om den avlidne hade n\u00e5gon form av f\u00f6rs\u00e4kring och vi kan hj\u00e4lpa dig en bit p\u00e5 v\u00e4gen.<\/p>\t\t\t\t\t\t\t\t<\/div>\n\t\t\t\t<\/div>\n\t\t\t\t\t<\/div>\n\t\t<\/div>\n\t\t\t\t\t<\/div>\n\t\t<\/section>\n\t\t\t\t<\/div>\n\t\t","protected":false},"excerpt":{"rendered":"<p>Juridik Vi samarbetar med en juristbyr\u00e5 f\u00f6r att ge dig en god hj\u00e4lp med f\u00f6rekommande juridiska fr\u00e5gor i samband med ett d\u00f6dsfall. H\u00e4r f\u00f6ljer n\u00e5gra exempel p\u00e5 juridiken: \u00a0 Bouppteckning Efter en begravning m\u00e5ste en bouppteckning g\u00f6ras, vilket inneb\u00e4r att man sammanst\u00e4ller den avlidnes tillg\u00e5ngar p\u00e5 d\u00f6dsdagen och dens skulder. Lagen kr\u00e4ver att bouppteckning g\u00f6rs [&hellip;]<\/p>\n","protected":false},"author":1,"featured_media":0,"parent":0,"menu_order":0,"comment_status":"closed","ping_status":"closed","template":"elementor_header_footer","meta":{"footnotes":""},"class_list":["post-781","page","type-page","status-publish","hentry"],"_links":{"self":[{"href":"https:\/\/edinsbegravningsbyra.se\/index.php\/wp-json\/wp\/v2\/pages\/781","targetHints":{"allow":["GET"]}}],"collection":[{"href":"https:\/\/edinsbegravningsbyra.se\/index.php\/wp-json\/wp\/v2\/pages"}],"about":[{"href":"https:\/\/edinsbegravningsbyra.se\/index.php\/wp-json\/wp\/v2\/types\/page"}],"author":[{"embeddable":true,"href":"https:\/\/edinsbegravningsbyra.se\/index.php\/wp-json\/wp\/v2\/users\/1"}],"replies":[{"embeddable":true,"href":"https:\/\/edinsbegravningsbyra.se\/index.php\/wp-json\/wp\/v2\/comments?post=781"}],"version-history":[{"count":19,"href":"https:\/\/edinsbegravningsbyra.se\/index.php\/wp-json\/wp\/v2\/pages\/781\/revisions"}],"predecessor-version":[{"id":2400,"href":"https:\/\/edinsbegravningsbyra.se\/index.php\/wp-json\/wp\/v2\/pages\/781\/revisions\/2400"}],"wp:attachment":[{"href":"https:\/\/edinsbegravningsbyra.se\/index.php\/wp-json\/wp\/v2\/media?parent=781"}],"curies":[{"name":"wp","href":"https:\/\/api.w.org\/{rel}","templated":true}]}}