{"id":798,"date":"2021-03-08T19:16:23","date_gmt":"2021-03-08T18:16:23","guid":{"rendered":"http:\/\/edinsbegravningsbyra.se\/?page_id=798"},"modified":"2023-09-18T13:06:35","modified_gmt":"2023-09-18T11:06:35","slug":"gravstenar","status":"publish","type":"page","link":"https:\/\/edinsbegravningsbyra.se\/index.php\/gravstenar\/","title":{"rendered":"Gravstenar"},"content":{"rendered":"\t\t<div data-elementor-type=\"wp-page\" data-elementor-id=\"798\" class=\"elementor elementor-798\" data-elementor-post-type=\"page\">\n\t\t\t\t\t\t<section class=\"elementor-section elementor-top-section elementor-element elementor-element-366ce770 elementor-section-boxed elementor-section-height-default elementor-section-height-default\" data-id=\"366ce770\" data-element_type=\"section\" data-settings=\"{&quot;background_background&quot;:&quot;classic&quot;}\">\n\t\t\t\t\t\t\t<div class=\"elementor-background-overlay\"><\/div>\n\t\t\t\t\t\t\t<div class=\"elementor-container elementor-column-gap-default\">\n\t\t\t\t\t<div class=\"elementor-column elementor-col-100 elementor-top-column elementor-element elementor-element-008adcc\" data-id=\"008adcc\" data-element_type=\"column\">\n\t\t\t<div class=\"elementor-widget-wrap elementor-element-populated\">\n\t\t\t\t\t\t<div class=\"elementor-element elementor-element-a9fd39e elementor-widget elementor-widget-heading\" data-id=\"a9fd39e\" data-element_type=\"widget\" data-widget_type=\"heading.default\">\n\t\t\t\t<div class=\"elementor-widget-container\">\n\t\t\t\t\t<h1 class=\"elementor-heading-title elementor-size-default\">Gravstenar<\/h1>\t\t\t\t<\/div>\n\t\t\t\t<\/div>\n\t\t\t\t\t<\/div>\n\t\t<\/div>\n\t\t\t\t\t<\/div>\n\t\t<\/section>\n\t\t\t\t<section class=\"elementor-section elementor-top-section elementor-element elementor-element-65bf1452 elementor-section-boxed elementor-section-height-default elementor-section-height-default\" data-id=\"65bf1452\" data-element_type=\"section\">\n\t\t\t\t\t\t<div class=\"elementor-container elementor-column-gap-no\">\n\t\t\t\t\t<div class=\"elementor-column elementor-col-100 elementor-top-column elementor-element elementor-element-1232e05c\" data-id=\"1232e05c\" data-element_type=\"column\">\n\t\t\t<div class=\"elementor-widget-wrap elementor-element-populated\">\n\t\t\t\t\t\t<section class=\"elementor-section elementor-inner-section elementor-element elementor-element-51ffe08a elementor-section-boxed elementor-section-height-default elementor-section-height-default\" data-id=\"51ffe08a\" data-element_type=\"section\">\n\t\t\t\t\t\t<div class=\"elementor-container elementor-column-gap-default\">\n\t\t\t\t\t<div class=\"elementor-column elementor-col-50 elementor-inner-column elementor-element elementor-element-4b962c8b\" data-id=\"4b962c8b\" data-element_type=\"column\">\n\t\t\t<div class=\"elementor-widget-wrap elementor-element-populated\">\n\t\t\t\t\t\t<div class=\"elementor-element elementor-element-320a3079 elementor-widget elementor-widget-text-editor\" data-id=\"320a3079\" data-element_type=\"widget\" data-widget_type=\"text-editor.default\">\n\t\t\t\t<div class=\"elementor-widget-container\">\n\t\t\t\t\t\t\t\t\t<p>En gravsten ber\u00e4ttar n\u00e5got om den som vilar p\u00e5 platsen och \u00e4r ett vackert minne av en k\u00e4r person. D\u00e5 en sten \u00e4r t\u00e4nkt att st\u00e5 i m\u00e5nga \u00e5r \u00e4r det viktigt att t\u00e4nka till om hur man helst vill ha den.<\/p>\n<p>L\u00e4ngre tillbaka var reglerna betydligt striktare f\u00f6r hur en gravsten fick se ut. Idag finns det m\u00e5nga olika s\u00e4tt att utforma en sten p\u00e5; kombinationerna av granitsort, storlek, typsnitt och dess f\u00e4rg samt symbol p\u00e5 stenen \u00e4r oerh\u00f6rt m\u00e5nga.<\/p>\n<p>M\u00e5nga g\u00e5nger kan ocks\u00e5 en natursten anv\u00e4ndas, dock kan ett stenhuggeri i regel inte utlova detta utan att f\u00f6rst f\u00e5 motta och unders\u00f6ka stenens duglighet. Alla typer av bokstavsutf\u00f6rande kan inte heller per automatik anv\u00e4ndas p\u00e5 alla stenar; exempel p\u00e5 detta \u00e4r bokst\u00e4ver som limmas p\u00e5 stenen.<\/p>\n<p>Men, allting b\u00f6rjar med en tanke och vi vill hj\u00e4lpa dig med att f\u00f6rverkliga den.<\/p>\n<p><\/p>\t\t\t\t\t\t\t\t<\/div>\n\t\t\t\t<\/div>\n\t\t\t\t\t<\/div>\n\t\t<\/div>\n\t\t\t\t<div class=\"elementor-column elementor-col-50 elementor-inner-column elementor-element elementor-element-68706c9\" data-id=\"68706c9\" data-element_type=\"column\">\n\t\t\t<div class=\"elementor-widget-wrap elementor-element-populated\">\n\t\t\t\t\t\t<div class=\"elementor-element elementor-element-2d6caf85 elementor-widget elementor-widget-text-editor\" data-id=\"2d6caf85\" data-element_type=\"widget\" data-widget_type=\"text-editor.default\">\n\t\t\t\t<div class=\"elementor-widget-container\">\n\t\t\t\t\t\t\t\t\t<p>Vi samarbetar med ett av Sveriges mycket erfarna och bra stenhuggerier och hj\u00e4lper dig p\u00e5 v\u00e4gen fr\u00e5n tanke till dess att stenen \u00e4r p\u00e5 plats.<\/p><p>Om gravs\u00e4ttning sker i en askgravlund eller p\u00e5 en askgravplats s\u00e4tts m\u00e5nga g\u00e5nger ist\u00e4llet en plakett upp p\u00e5 en gemensam plats.<\/p><p>Vid gravs\u00e4ttning i minneslund s\u00e4tts ingen sten eller plakett upp, d\u00e5 inga namn p\u00e5 dem som vilar d\u00e4r f\u00e5r sitta synliga.<\/p>\t\t\t\t\t\t\t\t<\/div>\n\t\t\t\t<\/div>\n\t\t\t\t\t<\/div>\n\t\t<\/div>\n\t\t\t\t\t<\/div>\n\t\t<\/section>\n\t\t\t\t\t<\/div>\n\t\t<\/div>\n\t\t\t\t\t<\/div>\n\t\t<\/section>\n\t\t\t\t<\/div>\n\t\t","protected":false},"excerpt":{"rendered":"<p>Gravstenar En gravsten ber\u00e4ttar n\u00e5got om den som vilar p\u00e5 platsen och \u00e4r ett vackert minne av en k\u00e4r person. D\u00e5 en sten \u00e4r t\u00e4nkt att st\u00e5 i m\u00e5nga \u00e5r \u00e4r det viktigt att t\u00e4nka till om hur man helst vill ha den. L\u00e4ngre tillbaka var reglerna betydligt striktare f\u00f6r hur en gravsten fick se [&hellip;]<\/p>\n","protected":false},"author":1,"featured_media":0,"parent":0,"menu_order":0,"comment_status":"closed","ping_status":"closed","template":"","meta":{"footnotes":""},"class_list":["post-798","page","type-page","status-publish","hentry"],"_links":{"self":[{"href":"https:\/\/edinsbegravningsbyra.se\/index.php\/wp-json\/wp\/v2\/pages\/798","targetHints":{"allow":["GET"]}}],"collection":[{"href":"https:\/\/edinsbegravningsbyra.se\/index.php\/wp-json\/wp\/v2\/pages"}],"about":[{"href":"https:\/\/edinsbegravningsbyra.se\/index.php\/wp-json\/wp\/v2\/types\/page"}],"author":[{"embeddable":true,"href":"https:\/\/edinsbegravningsbyra.se\/index.php\/wp-json\/wp\/v2\/users\/1"}],"replies":[{"embeddable":true,"href":"https:\/\/edinsbegravningsbyra.se\/index.php\/wp-json\/wp\/v2\/comments?post=798"}],"version-history":[{"count":19,"href":"https:\/\/edinsbegravningsbyra.se\/index.php\/wp-json\/wp\/v2\/pages\/798\/revisions"}],"predecessor-version":[{"id":2475,"href":"https:\/\/edinsbegravningsbyra.se\/index.php\/wp-json\/wp\/v2\/pages\/798\/revisions\/2475"}],"wp:attachment":[{"href":"https:\/\/edinsbegravningsbyra.se\/index.php\/wp-json\/wp\/v2\/media?parent=798"}],"curies":[{"name":"wp","href":"https:\/\/api.w.org\/{rel}","templated":true}]}}