{"id":933,"date":"2021-03-09T21:56:46","date_gmt":"2021-03-09T20:56:46","guid":{"rendered":"http:\/\/edinsbegravningsbyra.se\/?page_id=933"},"modified":"2023-09-15T13:14:42","modified_gmt":"2023-09-15T11:14:42","slug":"gudstjanst-ceremoni","status":"publish","type":"page","link":"https:\/\/edinsbegravningsbyra.se\/index.php\/gudstjanst-ceremoni\/","title":{"rendered":"Gudstj\u00e4nst\/Ceremoni"},"content":{"rendered":"\t\t<div data-elementor-type=\"wp-page\" data-elementor-id=\"933\" class=\"elementor elementor-933\" data-elementor-post-type=\"page\">\n\t\t\t\t\t\t<section class=\"elementor-section elementor-top-section elementor-element elementor-element-54ecccc elementor-section-height-min-height elementor-section-content-middle elementor-section-boxed elementor-section-height-default elementor-section-items-middle\" data-id=\"54ecccc\" data-element_type=\"section\" data-settings=\"{&quot;background_background&quot;:&quot;classic&quot;}\">\n\t\t\t\t\t\t\t<div class=\"elementor-background-overlay\"><\/div>\n\t\t\t\t\t\t\t<div class=\"elementor-container elementor-column-gap-default\">\n\t\t\t\t\t<div class=\"elementor-column elementor-col-100 elementor-top-column elementor-element elementor-element-51e9850\" data-id=\"51e9850\" data-element_type=\"column\">\n\t\t\t<div class=\"elementor-widget-wrap elementor-element-populated\">\n\t\t\t\t\t\t<div class=\"elementor-element elementor-element-c33ccc2 elementor-widget elementor-widget-heading\" data-id=\"c33ccc2\" data-element_type=\"widget\" data-widget_type=\"heading.default\">\n\t\t\t\t<div class=\"elementor-widget-container\">\n\t\t\t\t\t<h1 class=\"elementor-heading-title elementor-size-default\">Gudstj\u00e4nst och ceremoni<\/h1>\t\t\t\t<\/div>\n\t\t\t\t<\/div>\n\t\t\t\t\t<\/div>\n\t\t<\/div>\n\t\t\t\t\t<\/div>\n\t\t<\/section>\n\t\t\t\t<section class=\"elementor-section elementor-top-section elementor-element elementor-element-3edb925 elementor-section-boxed elementor-section-height-default elementor-section-height-default\" data-id=\"3edb925\" data-element_type=\"section\">\n\t\t\t\t\t\t<div class=\"elementor-container elementor-column-gap-default\">\n\t\t\t\t\t<div class=\"elementor-column elementor-col-100 elementor-top-column elementor-element elementor-element-343ad0f\" data-id=\"343ad0f\" data-element_type=\"column\">\n\t\t\t<div class=\"elementor-widget-wrap elementor-element-populated\">\n\t\t\t\t\t\t<div class=\"elementor-element elementor-element-1ef499b elementor-widget elementor-widget-spacer\" data-id=\"1ef499b\" data-element_type=\"widget\" data-widget_type=\"spacer.default\">\n\t\t\t\t<div class=\"elementor-widget-container\">\n\t\t\t\t\t\t\t<div class=\"elementor-spacer\">\n\t\t\t<div class=\"elementor-spacer-inner\"><\/div>\n\t\t<\/div>\n\t\t\t\t\t\t<\/div>\n\t\t\t\t<\/div>\n\t\t\t\t\t<\/div>\n\t\t<\/div>\n\t\t\t\t\t<\/div>\n\t\t<\/section>\n\t\t\t\t<section class=\"elementor-section elementor-top-section elementor-element elementor-element-f85cdc9 elementor-section-boxed elementor-section-height-default elementor-section-height-default\" data-id=\"f85cdc9\" data-element_type=\"section\">\n\t\t\t\t\t\t<div class=\"elementor-container elementor-column-gap-default\">\n\t\t\t\t\t<div class=\"elementor-column elementor-col-33 elementor-top-column elementor-element elementor-element-607a3a0\" data-id=\"607a3a0\" data-element_type=\"column\">\n\t\t\t<div class=\"elementor-widget-wrap elementor-element-populated\">\n\t\t\t\t\t\t<div class=\"elementor-element elementor-element-6d24924 elementor-widget elementor-widget-image\" data-id=\"6d24924\" data-element_type=\"widget\" data-widget_type=\"image.default\">\n\t\t\t\t<div class=\"elementor-widget-container\">\n\t\t\t\t\t\t\t\t\t\t\t\t\t\t\t<img fetchpriority=\"high\" decoding=\"async\" width=\"300\" height=\"240\" src=\"https:\/\/edinsbegravningsbyra.se\/wp-content\/uploads\/2021\/03\/heart-roses-decoration-661125-300x240.jpg\" class=\"attachment-medium size-medium wp-image-943\" alt=\"Hj\u00e4rta av rosor\" srcset=\"https:\/\/edinsbegravningsbyra.se\/wp-content\/uploads\/2021\/03\/heart-roses-decoration-661125-300x240.jpg 300w, https:\/\/edinsbegravningsbyra.se\/wp-content\/uploads\/2021\/03\/heart-roses-decoration-661125-1024x819.jpg 1024w, https:\/\/edinsbegravningsbyra.se\/wp-content\/uploads\/2021\/03\/heart-roses-decoration-661125-768x614.jpg 768w, https:\/\/edinsbegravningsbyra.se\/wp-content\/uploads\/2021\/03\/heart-roses-decoration-661125.jpg 1280w\" sizes=\"(max-width: 300px) 100vw, 300px\" title=\"\">\t\t\t\t\t\t\t\t\t\t\t\t\t\t\t<\/div>\n\t\t\t\t<\/div>\n\t\t\t\t\t<\/div>\n\t\t<\/div>\n\t\t\t\t<div class=\"elementor-column elementor-col-66 elementor-top-column elementor-element elementor-element-9e116cd\" data-id=\"9e116cd\" data-element_type=\"column\">\n\t\t\t<div class=\"elementor-widget-wrap elementor-element-populated\">\n\t\t\t\t\t\t<div class=\"elementor-element elementor-element-e0ac06d elementor-widget elementor-widget-text-editor\" data-id=\"e0ac06d\" data-element_type=\"widget\" data-widget_type=\"text-editor.default\">\n\t\t\t\t<div class=\"elementor-widget-container\">\n\t\t\t\t\t\t\t\t\t<p>Det betyder ofta mycket f\u00f6r anh\u00f6riga att s\u00e5 m\u00e5nga som m\u00f6jligt som den avlidne k\u00e4nde kommer till begravningen. Som n\u00e4ra anh\u00f6rig eller v\u00e4n h\u00f6r man i regel till de sj\u00e4lvskrivna deltagarna, men man kan n\u00e4rvara i egenskap av granne, jaktkamrat, arbetskompis eller annat<\/p>\n<p>Det h\u00e4nder dock att anh\u00f6riga vill h\u00e5lla begravningen i en liten krets och d\u00e5 bjuder in de man vill ska n\u00e4rvara. Detta annonseras i s\u00e5 fall i god tid f\u00f6re begravningen.<\/p>\n<p style=\"text-align: start;\">Som g\u00e4st \u00e4r det l\u00e4mpligt att komma ca 15 minuter f\u00f6re begravningen b\u00f6rjar. Om du vet att det kommer att bli en stor begravning, kom g\u00e4rna \u00e4nnu tidigare. V\u00e5r representant ser till till att n\u00e4rmast anh\u00f6riga, sl\u00e4ktingar och andra g\u00e4ster blir placerade.<\/p>\n<p><\/p>\t\t\t\t\t\t\t\t<\/div>\n\t\t\t\t<\/div>\n\t\t\t\t\t<\/div>\n\t\t<\/div>\n\t\t\t\t\t<\/div>\n\t\t<\/section>\n\t\t\t\t<\/div>\n\t\t","protected":false},"excerpt":{"rendered":"<p>Gudstj\u00e4nst och ceremoni Det betyder ofta mycket f\u00f6r anh\u00f6riga att s\u00e5 m\u00e5nga som m\u00f6jligt som den avlidne k\u00e4nde kommer till begravningen. Som n\u00e4ra anh\u00f6rig eller v\u00e4n h\u00f6r man i regel till de sj\u00e4lvskrivna deltagarna, men man kan n\u00e4rvara i egenskap av granne, jaktkamrat, arbetskompis eller annat Det h\u00e4nder dock att anh\u00f6riga vill h\u00e5lla begravningen i [&hellip;]<\/p>\n","protected":false},"author":1,"featured_media":0,"parent":0,"menu_order":0,"comment_status":"closed","ping_status":"closed","template":"elementor_header_footer","meta":{"footnotes":""},"class_list":["post-933","page","type-page","status-publish","hentry"],"_links":{"self":[{"href":"https:\/\/edinsbegravningsbyra.se\/index.php\/wp-json\/wp\/v2\/pages\/933","targetHints":{"allow":["GET"]}}],"collection":[{"href":"https:\/\/edinsbegravningsbyra.se\/index.php\/wp-json\/wp\/v2\/pages"}],"about":[{"href":"https:\/\/edinsbegravningsbyra.se\/index.php\/wp-json\/wp\/v2\/types\/page"}],"author":[{"embeddable":true,"href":"https:\/\/edinsbegravningsbyra.se\/index.php\/wp-json\/wp\/v2\/users\/1"}],"replies":[{"embeddable":true,"href":"https:\/\/edinsbegravningsbyra.se\/index.php\/wp-json\/wp\/v2\/comments?post=933"}],"version-history":[{"count":34,"href":"https:\/\/edinsbegravningsbyra.se\/index.php\/wp-json\/wp\/v2\/pages\/933\/revisions"}],"predecessor-version":[{"id":2403,"href":"https:\/\/edinsbegravningsbyra.se\/index.php\/wp-json\/wp\/v2\/pages\/933\/revisions\/2403"}],"wp:attachment":[{"href":"https:\/\/edinsbegravningsbyra.se\/index.php\/wp-json\/wp\/v2\/media?parent=933"}],"curies":[{"name":"wp","href":"https:\/\/api.w.org\/{rel}","templated":true}]}}